{"id":1185,"date":"2022-11-12T10:26:13","date_gmt":"2022-11-12T10:26:13","guid":{"rendered":"https:\/\/kogeneracjagazowa.pl\/?page_id=1185"},"modified":"2022-11-12T10:32:18","modified_gmt":"2022-11-12T10:32:18","slug":"biogazownia-budowa","status":"publish","type":"page","link":"https:\/\/kogeneracjagazowa.pl\/en\/biogazownia-budowa\/","title":{"rendered":"Biogazownia rolnicza budowa"},"content":{"rendered":"<p>Budowa biogazowni rolniczej wymaga starannego zaplanowania i wykonania w celu zapewnienia prawid\u0142owego funkcjonowania. W tym artykule om\u00f3wione zostan\u0105 kroki niezb\u0119dne do budowy biogazowni rolniczej.<\/p>\n<p>Biogazownia rolnicza to rodzaj beztlenowej komory fermentacyjnej, kt\u00f3ra s\u0142u\u017cy do przetwarzania materia\u0142\u00f3w organicznych na biogaz i naw\u00f3z. Korzy\u015bci z zastosowania biogazowni obejmuj\u0105 produkcj\u0119 energii odnawialnej, redukcj\u0119 emisji gaz\u00f3w cieplarnianych oraz produkcj\u0119 nawozu bogatego w sk\u0142adniki od\u017cywcze. Budowa biogazowni rolniczej wymaga u\u017cycia specjalistycznego sprz\u0119tu i wiedzy, a sam proces mo\u017ce by\u0107 kosztowny.<\/p>\n<div id=\"toc_container\" class=\"no_bullets\"><p class=\"toc_title\">Spis tre\u015bci<\/p><ul class=\"toc_list\"><li><a href=\"#Zapotrzebowanie_na_budowe_biogazowni_rolniczych\">Zapotrzebowanie na budow\u0119 biogazowni rolniczych<\/a><\/li><li><a href=\"#Proces_budowy_biogazowni_rolniczej\">Proces budowy biogazowni rolniczej<\/a><\/li><li><a href=\"#Po_co_budowac_biogazownie\">Po co budowa\u0107 biogazowni\u0119? <\/a><\/li><li><a href=\"#Czy_oplaca_sie_budowac_biogazownie\">Czy op\u0142aca si\u0119 budowa\u0107 biogazowni\u0119? <\/a><\/li><li><a href=\"#Jak_wybudowac_biogazownie\">Jak wybudowa\u0107 biogazowni\u0119?<\/a><\/li><li><a href=\"#Ile_kosztuje_budowa_biogazowni\">Ile kosztuje budowa biogazowni? <\/a><\/li><\/ul><\/div>\n<h2><span id=\"Zapotrzebowanie_na_budowe_biogazowni_rolniczych\"><strong>Zapotrzebowanie na budow\u0119 biogazowni rolniczych<\/strong><\/span><\/h2>\n<p>Biogazownia rolnicza to system gospodarki odpadami, kt\u00f3ry wykorzystuje moc fermentacji beztlenowej do recyklingu odpad\u00f3w rolniczych na energi\u0119 odnawialn\u0105. Biogazownie s\u0105 u\u017cywane w Europie od ponad wieku, ale ich zastosowanie dopiero teraz zaczyna rozprzestrzenia\u0107 si\u0119 na Polsk\u0119. Budowa biogazowni rolniczych to z\u0142o\u017cony proces, ale efektem ko\u0144cowym jest czystszy i bardziej ekologiczny spos\u00f3b gospodarowania odpadami rolniczymi.<\/p>\n<p><strong>Zwi\u0119kszona efektywno\u015b\u0107 energetyczna <\/strong><\/p>\n<p>Biogazownie s\u0105 bardziej wydajne ni\u017c tradycyjne metody gospodarowania odpadami. Tradycyjne systemy gospodarowania odpadami, takie jak sk\u0142adowiska i kompostowanie, zajmuj\u0105 du\u017co czasu, miejsca i pracy, aby przetworzy\u0107 odpady organiczne na naw\u00f3z. Z drugiej strony biogazownie s\u0105 w stanie zamieni\u0107 odpady organiczne w naw\u00f3z w ci\u0105gu kilku tygodni. Ta wydajno\u015b\u0107 wynika z wysokich temperatur, kt\u00f3re s\u0105 utrzymywane w komorze fermentacyjnej biogazu. Ciep\u0142o wytworzone przez komor\u0119 fermentacyjn\u0105 rozk\u0142ada materia\u0142 organiczny i uwalnia gaz metanowy.<\/p>\n<h2><span id=\"Proces_budowy_biogazowni_rolniczej\"><strong>Proces budowy biogazowni rolniczej<\/strong><\/span><\/h2>\n<p>Biogazownia rolnicza pobiera obornik i inne odpady organiczne w celu wytworzenia metanu i dwutlenku w\u0119gla. Proces rozpoczyna si\u0119 od zebrania obornika i innych materia\u0142\u00f3w organicznych z gospodarstwa. Materia\u0142y te s\u0105 nast\u0119pnie umieszczane w komorze fermentacyjnej, gdzie bakterie rozk\u0142adaj\u0105 materi\u0119 organiczn\u0105 i uwalniaj\u0105 metan. Metan jest nast\u0119pnie zbierany i wykorzystywany do nap\u0119dzania silnika, kt\u00f3ry wytwarza energi\u0119 elektryczn\u0105. Podczas tego procesu wytwarzany jest r\u00f3wnie\u017c dwutlenek w\u0119gla, kt\u00f3ry jest zwykle stosowany jako naw\u00f3z do upraw.<\/p>\n<h2><span id=\"Po_co_budowac_biogazownie\"><strong>Po co budowa\u0107 biogazowni\u0119? <\/strong><\/span><\/h2>\n<p>Biogazownie rolnicze staj\u0105 si\u0119 coraz bardziej popularne w Polsce. Istnieje wiele powod\u00f3w takiego stanu rzeczy, ale najwa\u017cniejszym powodem jest to, \u017ce oferuj\u0105 rolnikom spos\u00f3b na zmniejszenie ich wp\u0142ywu na \u015brodowisko.<\/p>\n<p>Budowa biogazowni mo\u017ce pom\u00f3c gospodarstwu sta\u0107 si\u0119 bardziej zr\u00f3wnowa\u017con\u0105 i przyjazn\u0105 dla \u015brodowiska. Zak\u0142ad wytwarza metan, kt\u00f3ry mo\u017ce by\u0107 wykorzystany do zasilania maszyn rolniczych. Zmniejsza to zapotrzebowanie na paliwa kopalne i pomaga farmie emitowa\u0107 mniej gaz\u00f3w cieplarnianych.<\/p>\n<p>Inn\u0105 zalet\u0105 biogazowni jest to, \u017ce mog\u0105 pom\u00f3c w przetwarzaniu obornika i innych organicznych odpad\u00f3w z gospodarstwa. W przeciwnym razie odpady te musia\u0142yby by\u0107 unieszkodliwiane w spos\u00f3b szkodliwy dla \u015brodowiska. Wykorzystuj\u0105c go do produkcji energii, biogazownia pomaga zmniejszy\u0107 zanieczyszczenie i chroni\u0107 \u015brodowisko.<\/p>\n<h2><span id=\"Czy_oplaca_sie_budowac_biogazownie\"><strong>Czy op\u0142aca si\u0119 budowa\u0107 biogazowni\u0119? <\/strong><\/span><\/h2>\n<p>Koszt budowy biogazowni rolniczej mo\u017ce stanowi\u0107 istotn\u0105 barier\u0119 wej\u015bcia dla wielu rolnik\u00f3w. Jednak po uruchomieniu zak\u0142adu mo\u017ce generowa\u0107 znaczne zyski.<\/p>\n<p>Biogazownia o mocy 0,5 MW ma szacowany roczny potencja\u0142 zysku do 2 mln z\u0142. Mog\u0142oby to znacznie zwi\u0119kszy\u0107 zyski wielu rolnik\u00f3w. Jednak pocz\u0105tkowy koszt budowy jest wysoki i nale\u017cy to wzi\u0105\u0107 pod uwag\u0119 przy rozwa\u017caniu budowy zak\u0142adu. Nie wszystko stracone, mo\u017cna pozyska\u0107 dotacj\u0119 na biogazowni\u0119 &#8211; zapraszamy do kontaktu.<\/p>\n<p>Korzy\u015bci finansowe z biogazowni mog\u0105 by\u0107 znaczne, ale pocz\u0105tkowy koszt mo\u017ce zniech\u0119ci\u0107 niekt\u00f3rych rolnik\u00f3w do inwestowania w biogazowni\u0119. Jednak dla tych, kt\u00f3rych sta\u0107 na to, biogazownia mo\u017ce zapewni\u0107 sta\u0142e \u017ar\u00f3d\u0142o dochodu i pom\u00f3c zmniejszy\u0107 zanieczyszczenie \u015brodowiska.<\/p>\n<h2><span id=\"Jak_wybudowac_biogazownie\"><strong>Jak wybudowa\u0107 biogazowni\u0119?<\/strong><\/span><\/h2>\n<p>Budowa biogazowni to du\u017ca inwestycja. Dlatego ka\u017cdy rolnik powinien przede wszystkim dokona\u0107 inwentaryzacji dost\u0119pnych substrat\u00f3w i mo\u017cliwo\u015bci ich wykorzystania. Najwa\u017cniejszym substratem dla biogazowni jest obornik. Mo\u017cna jednak stosowa\u0107 r\u00f3wnie\u017c inne substraty, takie jak resztki po\u017cniwne, ro\u015bliny energetyczne lub odpady kuchenne. Rolnik musi zdecydowa\u0107, jakie pod\u0142o\u017ca s\u0105 dost\u0119pne w jego gospodarstwie i do czego chce je wykorzysta\u0107. Na przyk\u0142ad odpady kuchenne mog\u0105 by\u0107 wykorzystywane do wytwarzania energii elektrycznej lub ciep\u0142a, a obornik do produkcji metanu. Rolnik powinien r\u00f3wnie\u017c wzi\u0105\u0107 pod uwag\u0119 koszty budowy i eksploatacji biogazowni. Kolejnym krokiem jest ocena mo\u017cliwo\u015bci wykorzystania biogazowni w praktyce. Rolnik musi wzi\u0105\u0107 pod uwag\u0119 wielko\u015b\u0107 i rozplanowanie swojego gospodarstwa oraz czy s\u0105 dost\u0119pne pozwolenia na budow\u0119 biogazowni.<\/p>\n<h2><span id=\"Ile_kosztuje_budowa_biogazowni\"><strong>Ile kosztuje budowa biogazowni? <\/strong><\/span><\/h2>\n<p>Wed\u0142ug IEO \u015bredni koszt budowy biogazowni w Polsce to ok. 15 mln z\u0142\/MW za 1,1 MW. Biogazownia tej wielko\u015bci generuje zapotrzebowanie na oko\u0142o 5500-7 000 MWh energii rocznie. Pod wzgl\u0119dem odnawialnych \u017ar\u00f3de\u0142 energii biogaz jest jedn\u0105 z najbardziej obiecuj\u0105cych i efektywnych form wytwarzania energii.<\/p>\n<p>\u015aredni koszt budowy biogazowni o mocy 1,1 MW jest znacznie ni\u017cszy ni\u017c w przypadku innych typ\u00f3w elektrowni wykorzystuj\u0105cych energi\u0119 odnawialn\u0105, takich jak farmy s\u0142oneczne lub wiatrowe. Dodatkowo koszty operacyjne biogazowni s\u0105 r\u00f3wnie\u017c stosunkowo niskie. Z tych powod\u00f3w biogazownie oferuj\u0105 bardzo atrakcyjn\u0105 okazj\u0119 inwestycyjn\u0105 dla os\u00f3b zainteresowanych wytwarzaniem energii odnawialnej.<\/p>","protected":false},"excerpt":{"rendered":"<p>Budowa biogazowni rolniczej wymaga starannego zaplanowania i wykonania w celu zapewnienia prawid\u0142owego funkcjonowania. W tym artykule om\u00f3wione zostan\u0105 kroki niezb\u0119dne do budowy biogazowni rolniczej. Biogazownia rolnicza to rodzaj beztlenowej komory fermentacyjnej, kt\u00f3ra s\u0142u\u017cy do przetwarzania materia\u0142\u00f3w organicznych na biogaz i naw\u00f3z. Korzy\u015bci z zastosowania biogazowni obejmuj\u0105 produkcj\u0119 energii odnawialnej, redukcj\u0119 emisji gaz\u00f3w cieplarnianych oraz produkcj\u0119 [&hellip;]<\/p>","protected":false},"author":1,"featured_media":0,"parent":0,"menu_order":0,"comment_status":"closed","ping_status":"closed","template":"","meta":{"_et_pb_use_builder":"","_et_pb_old_content":"","_et_gb_content_width":""},"yst_prominent_words":[36],"_links":{"self":[{"href":"https:\/\/kogeneracjagazowa.pl\/en\/wp-json\/wp\/v2\/pages\/1185"}],"collection":[{"href":"https:\/\/kogeneracjagazowa.pl\/en\/wp-json\/wp\/v2\/pages"}],"about":[{"href":"https:\/\/kogeneracjagazowa.pl\/en\/wp-json\/wp\/v2\/types\/page"}],"author":[{"embeddable":true,"href":"https:\/\/kogeneracjagazowa.pl\/en\/wp-json\/wp\/v2\/users\/1"}],"replies":[{"embeddable":true,"href":"https:\/\/kogeneracjagazowa.pl\/en\/wp-json\/wp\/v2\/comments?post=1185"}],"version-history":[{"count":2,"href":"https:\/\/kogeneracjagazowa.pl\/en\/wp-json\/wp\/v2\/pages\/1185\/revisions"}],"predecessor-version":[{"id":1188,"href":"https:\/\/kogeneracjagazowa.pl\/en\/wp-json\/wp\/v2\/pages\/1185\/revisions\/1188"}],"wp:attachment":[{"href":"https:\/\/kogeneracjagazowa.pl\/en\/wp-json\/wp\/v2\/media?parent=1185"}],"wp:term":[{"taxonomy":"yst_prominent_words","embeddable":true,"href":"https:\/\/kogeneracjagazowa.pl\/en\/wp-json\/wp\/v2\/yst_prominent_words?post=1185"}],"curies":[{"name":"wp","href":"https:\/\/api.w.org\/{rel}","templated":true}]}}