{"id":1171,"date":"2022-11-08T11:27:16","date_gmt":"2022-11-08T11:27:16","guid":{"rendered":"https:\/\/kogeneracjagazowa.pl\/?page_id=1171"},"modified":"2022-11-12T13:32:00","modified_gmt":"2022-11-12T13:32:00","slug":"biogazownia-pozwolenia-decyzji-srodowiskowej-procedury","status":"publish","type":"page","link":"https:\/\/kogeneracjagazowa.pl\/en\/biogazownia-pozwolenia-decyzji-srodowiskowej-procedury\/","title":{"rendered":"Biogazownia pozwolenia, Czy biogazownia wymaga decyzji \u015brodowiskowej? Procedury przy zak\u0142adaniu biogazowni rolniczej"},"content":{"rendered":"<div id=\"toc_container\" class=\"no_bullets\"><p class=\"toc_title\">Spis tre\u015bci<\/p><ul class=\"toc_list\"><li><a href=\"#Biogazownia_pozwolenia_Czy_biogazownia_wymaga_decyzji_srodowiskowej\">Biogazownia pozwolenia, Czy biogazownia wymaga decyzji \u015brodowiskowej?<\/a><\/li><li><a href=\"#Czy_biogazownia_wymaga_decyzji_srodowiskowej\">Czy biogazownia wymaga decyzji \u015brodowiskowej?<\/a><\/li><li><a href=\"#Biogazownia_bedzie_musiala_uzyskac_pozwolenia_na_emisje_do_powietrza_odprowadzanie_sciekow_i_usuwanie_odpadow_stalych\">Biogazownia b\u0119dzie musia\u0142a uzyska\u0107 pozwolenia na emisj\u0119 do powietrza, odprowadzanie \u015bciek\u00f3w i usuwanie odpad\u00f3w sta\u0142ych<\/a><\/li><li><a href=\"#Pozwolenie_na_budowe_biogazowni\">Pozwolenie na budow\u0119 biogazowni<\/a><\/li><li><a href=\"#Ekonomika_biogazowni\">Ekonomika biogazowni<\/a><\/li><li><a href=\"#5_typowych_bledach_przy_planowaniu_biogazowni\">5 typowych b\u0142\u0119dach przy planowaniu biogazowni<\/a><\/li><li><a href=\"#Jak_wybrac_odpowiednia_technologie_dla_Twojej_biogazowni\">Jak wybra\u0107 odpowiedni\u0105 technologi\u0119 dla Twojej biogazowni<\/a><\/li><li><a href=\"#Kiedy_jest_wymagane_pozwolenie_zintegrowane_dla_biogazowni\">Kiedy jest wymagane pozwolenie zintegrowane dla biogazowni?<\/a><\/li><\/ul><\/div>\n<h2><span id=\"Biogazownia_pozwolenia_Czy_biogazownia_wymaga_decyzji_srodowiskowej\">Biogazownia pozwolenia, Czy biogazownia wymaga decyzji \u015brodowiskowej?<\/span><\/h2>\n<p>Biogazownie s\u0105 powszechnie stosowane do produkcji gazu metanowego z organicznych materia\u0142\u00f3w odpadowych. Aby zbudowa\u0107 biogazowni\u0119, trzeba b\u0119dzie uzyska\u0107 kilka pozwole\u0144 od w\u0142adz lokalnych.<\/p>\n<p>Pierwszym krokiem jest z\u0142o\u017cenie raportu z oceny oddzia\u0142ywania na \u015brodowisko (EIA) w lokalnym urz\u0119dzie planowania. Raport ten musi oceni\u0107 potencjalny wp\u0142yw biogazowni na jako\u015b\u0107 powietrza, zasoby wodne i poziom ha\u0142asu.<\/p>\n<p>Nast\u0119pnie nale\u017cy z\u0142o\u017cy\u0107 wniosek o pozwolenie na budow\u0119 w lokalnym urz\u0119dzie budowlanym. Pozwolenie to umo\u017cliwia rozpocz\u0119cie budowy biogazowni.<\/p>\n<h2><span id=\"Czy_biogazownia_wymaga_decyzji_srodowiskowej\">Czy biogazownia wymaga decyzji \u015brodowiskowej?<\/span><\/h2>\n<p>Tak, biogazownia, aby mog\u0142a funkcjonowa\u0107, wymaga uzyskania decyzji \u015brodowiskowej. Celem decyzji \u015brodowiskowej jest zapewnienie, \u017ce biogazownia nie b\u0119dzie mia\u0142a negatywnego wp\u0142ywu na \u015brodowisko oraz \u017ce b\u0119dzie spe\u0142nia\u0142a wszystkie wymagane standardy \u015brodowiskowe.<\/p>\n<p>Konkretne wymagania dla biogazowni b\u0119d\u0105 si\u0119 r\u00f3\u017cni\u0107 w zale\u017cno\u015bci od lokalizacji biogazowni i rodzaju dzia\u0142alno\u015bci, kt\u00f3ra b\u0119dzie prowadzona w obiekcie. W niekt\u00f3rych przypadkach biogazownia mo\u017ce by\u0107 r\u00f3wnie\u017c zobowi\u0105zana do uzyskania pozwolenia na gospodarowanie odpadami, aby m\u00f3c dzia\u0142a\u0107.<\/p>\n<p>Wymagania dotycz\u0105ce biogazowni mo\u017cna znale\u017a\u0107 w raporcie oceny oddzia\u0142ywania na \u015brodowisko, kt\u00f3ry jest sk\u0142adany w lokalnym urz\u0119dzie planowania.<\/p>\n<p>Wniosek o pozwolenie na budow\u0119 biogazowni musi zawiera\u0107 r\u00f3wnie\u017c raport z oceny oddzia\u0142ywania na \u015brodowisko. Szczeg\u00f3\u0142owe wymagania dotycz\u0105ce biogazowni r\u00f3\u017cni\u0105 si\u0119 w zale\u017cno\u015bci od lokalizacji biogazowni i rodzaju dzia\u0142alno\u015bci, kt\u00f3ra b\u0119dzie prowadzona w obiekcie<\/p>\n<p>W niekt\u00f3rych przypadkach biogazownia mo\u017ce by\u0107 r\u00f3wnie\u017c zobowi\u0105zana do uzyskania pozwolenia na gospodarowanie odpadami w celu prowadzenia dzia\u0142alno\u015bci.<\/p>\n<h2><span id=\"Biogazownia_bedzie_musiala_uzyskac_pozwolenia_na_emisje_do_powietrza_odprowadzanie_sciekow_i_usuwanie_odpadow_stalych\">Biogazownia b\u0119dzie musia\u0142a uzyska\u0107 pozwolenia na emisj\u0119 do powietrza, odprowadzanie \u015bciek\u00f3w i usuwanie odpad\u00f3w sta\u0142ych<\/span><\/h2>\n<p>-Biogazownia mo\u017ce r\u00f3wnie\u017c potrzebowa\u0107 innych pozwole\u0144 lub zg\u00f3d od agencji lokalnych, stanowych lub federalnych, w zale\u017cno\u015bci od specyfiki projektu oraz prognozowanego zu\u017cycia.<\/p>\n<p>-Proces uzyskiwania pozwole\u0144 na budow\u0119 biogazowni mo\u017ce by\u0107 skomplikowany, dlatego wa\u017cne jest, aby wsp\u00f3\u0142pracowa\u0107 z do\u015bwiadczonymi profesjonalistami, kt\u00f3rzy pomog\u0105 uzyska\u0107 wszystkie niezb\u0119dne pozwolenia i zatwierdzenia<\/p>\n<p>-Je\u015bli rozwa\u017casz uruchomienie biogazowni, skontaktuj si\u0119 z lokalnym organem regulacyjnym ds. \u015brodowiska, aby dowiedzie\u0107 si\u0119 wi\u0119cej o procesie uzyskiwania pozwole\u0144.<\/p>\n<p>-Proces uzyskiwania pozwolenia na budow\u0119 biogazowni: Co musisz wiedzie\u0107<\/p>\n<p>-Przewodnik po uzyskaniu pozwolenia na budow\u0119 biogazowni<\/p>\n<p>-Jak upewni\u0107 si\u0119, \u017ce Twoja biogazownia spe\u0142nia normy \u015brodowiskowe?<\/p>\n<p>-Dobre i z\u0142e strony ubiegania si\u0119 o pozwolenie na budow\u0119 biogazowni<\/p>\n<p>-5 porad dotycz\u0105cych udanego procesu uzyskiwania pozwolenia na budow\u0119 biogazowni<\/p>\n<h2><span id=\"Pozwolenie_na_budowe_biogazowni\">Pozwolenie na budow\u0119 biogazowni<\/span><\/h2>\n<p>1. Okre\u015bl, jaki typ biogazowni chcesz zbudowa\u0107<\/p>\n<p>2. Dowiedz si\u0119, czy opr\u00f3cz pozwolenia na budow\u0119 potrzebne s\u0105 inne pozwolenia od agencji lokalnych, stanowych lub federalnych<\/p>\n<p>3. Zbierz wszystkie wymagane informacje i dokumentacj\u0119 do wniosku<\/p>\n<p>4. Z\u0142\u00f3\u017c wniosek do odpowiedniej agencji wraz z wymaganymi op\u0142atami<\/p>\n<p>5. Czekaj na decyzj\u0119 w sprawie Twojego wniosku. Je\u015bli zostanie on zatwierdzony, otrzymasz pozwolenie na budow\u0119<\/p>\n<p>6. Po uzyskaniu pozwolenia mo\u017cna rozpocz\u0105\u0107 budow\u0119 biogazowni zgodnie z zatwierdzonymi planami.<\/p>\n<p>&nbsp;<\/p>\n<h2><span id=\"Ekonomika_biogazowni\">Ekonomika biogazowni<\/span><\/h2>\n<p>Ekonomika biogazowni jest do\u015b\u0107 prosta. Koszt inwestycji w typow\u0105 instalacj\u0119 rolnicz\u0105 wynosi od 500 do 600 dolar\u00f3w za kilowat (kW) mocy zainstalowanej. Okres zwrotu wynosi oko\u0142o czterech do siedmiu lat, w zale\u017cno\u015bci od ceny energii elektrycznej, dost\u0119pnych dotacji i koszt\u00f3w surowca.<\/p>\n<p>Najwi\u0119kszym kosztem w biogazowni jest komora fermentacyjna, kt\u00f3ra mo\u017ce stanowi\u0107 40-60% ca\u0142kowitego kosztu. Inne znacz\u0105ce koszty to pompy, wymienniki ciep\u0142a, magazyn gazu i urz\u0105dzenia do jego obs\u0142ugi. Koszt tych element\u00f3w r\u00f3\u017cni si\u0119 w zale\u017cno\u015bci od wielko\u015bci i typu biogazowni.<\/p>\n<p>Je\u015bli chodzi o koszty operacyjne, najwi\u0119kszym wydatkiem jest zazwyczaj koszt surowc\u00f3w, kt\u00f3ry mo\u017ce stanowi\u0107 70-80% ca\u0142o\u015bci. Pozosta\u0142e koszty operacyjne to robocizna, konserwacja i energia.<\/p>\n<p>Ekonomika biogazowni jest do\u015b\u0107 korzystna, zw\u0142aszcza w por\u00f3wnaniu z innymi technologiami energii odnawialnej. Biogazownie maj\u0105 stosunkowo niskie koszty inwestycyjne i kr\u00f3tkie okresy zwrotu. Ponadto oferuj\u0105 one szereg innych korzy\u015bci, takich jak produkcja energii odnawialnej i redukcja emisji gaz\u00f3w cieplarnianych.<\/p>\n<h2><span id=\"5_typowych_bledach_przy_planowaniu_biogazowni\">5 typowych b\u0142\u0119dach przy planowaniu biogazowni<\/span><\/h2>\n<p>1. Za ma\u0142o bada\u0144: Jednym z najcz\u0119stszych b\u0142\u0119d\u00f3w podczas planowania biogazowni jest nie robienie wystarczaj\u0105cych bada\u0144. Istnieje wiele r\u00f3\u017cnych rodzaj\u00f3w biogazowni i wa\u017cne jest, aby wybra\u0107 odpowiedni\u0105 dla swoich potrzeb. Przed podj\u0119ciem decyzji nale\u017cy wykona\u0107 prac\u0119 domow\u0105 i zapozna\u0107 si\u0119 z r\u00f3\u017cnymi opcjami.<\/p>\n<p>2. Nie uwzgl\u0119dnienie wszystkich koszt\u00f3w: Koszt biogazowni obejmuje zar\u00f3wno pocz\u0105tkowy koszt inwestycji, jak i koszty operacyjne. Wa\u017cne jest, aby przy podejmowaniu decyzji uwzgl\u0119dni\u0107 oba te elementy. Koszty eksploatacji mog\u0105 by\u0107 znacz\u0105ce, dlatego przed podj\u0119ciem decyzji o budowie nale\u017cy si\u0119 upewni\u0107, jakie s\u0105 koszty eksploatacji.<\/p>\n<p>3. Brak my\u015blenia d\u0142ugoterminowego: Biogazownia to inwestycja d\u0142ugoterminowa, dlatego wa\u017cne jest, aby przy podejmowaniu decyzji my\u015ble\u0107 o przysz\u0142o\u015bci. Zastan\u00f3w si\u0119, jak zak\u0142ad wp\u0142ynie na Twoj\u0105 firm\u0119 w przysz\u0142o\u015bci i upewnij si\u0119, \u017ce b\u0119dzie to pozytywna zmiana.<\/p>\n<p>4. Brak uwzgl\u0119dnienia \u015brodowiska: Biogazownie mog\u0105 mie\u0107 pozytywny wp\u0142yw na \u015brodowisko, ale nie wszystkie zak\u0142ady s\u0105 stworzone r\u00f3wne. Upewnij si\u0119, \u017ce wybierasz zak\u0142ad, kt\u00f3ry b\u0119dzie mia\u0142 pozytywny wp\u0142yw na \u015brodowisko.<\/p>\n<p>5. Niezrozumienie przepis\u00f3w: Istnieje wiele przepis\u00f3w dotycz\u0105cych biogazowni. Wa\u017cne jest, aby zrozumie\u0107 te przepisy przed rozpocz\u0119ciem procesu planowania. W przeciwnym razie mog\u0105 pojawi\u0107 si\u0119 p\u00f3\u017aniejsze problemy.<\/p>\n<p>Jakie s\u0105 r\u00f3\u017cne rodzaje biogazowni?<\/p>\n<p>Istniej\u0105 3 g\u0142\u00f3wne rodzaje biogazowni: biogazownia na sk\u0142adowisko odpad\u00f3w, biogazownia rolnicza, biogazownia przy oczyszczalni \u015bciek\u00f3w.<\/p>\n<h2><span id=\"Jak_wybrac_odpowiednia_technologie_dla_Twojej_biogazowni\">Jak wybra\u0107 odpowiedni\u0105 technologi\u0119 dla Twojej biogazowni<\/span><\/h2>\n<p>Wyb\u00f3r odpowiedniej technologii dla Pa\u0144stwa biogazowni zale\u017cy od wielu czynnik\u00f3w, w tym od rodzaju wykorzystywanego surowca, klimatu, w kt\u00f3rym Pa\u0144stwo mieszkaj\u0105 i osobistych preferencji.<\/p>\n<p>Je\u015bli jako substratu u\u017cywasz obornika, najlepszym rozwi\u0105zaniem s\u0105 komory fermentacyjne beztlenowe. W przypadku wykorzystywania innych odpad\u00f3w organicznych, takich jak odpady spo\u017cywcze, lepszym wyborem mog\u0105 by\u0107 kompostowniki aerobowe.<\/p>\n<p>Klimat jest r\u00f3wnie\u017c czynnikiem, kt\u00f3ry nale\u017cy wzi\u0105\u0107 pod uwag\u0119 przy wyborze odpowiedniej technologii. Je\u015bli mieszkasz w zimnym klimacie, komory fermentacyjne beztlenowe mog\u0105 nie by\u0107 najlepszym rozwi\u0105zaniem, poniewa\u017c wymagaj\u0105 one ciep\u0142ych temperatur do prawid\u0142owego funkcjonowania. W takim przypadku lepszym wyborem mog\u0105 by\u0107 kompostowniki aerobowe.<\/p>\n<p>Wreszcie, wa\u017cne jest, aby wybra\u0107 technologi\u0119 kt\u00f3ry najlepiej odpowiada Twoim potrzebom i preferencjom. Rozwa\u017c wszystkie czynniki wymienione powy\u017cej i podejmij decyzj\u0119, z kt\u00f3r\u0105 czujesz si\u0119 komfortowo.<\/p>\n<p>Przy uruchamianiu biogazowni nale\u017cy wzi\u0105\u0107 pod uwag\u0119 wiele czynnik\u00f3w. Jednym z najwa\u017cniejszych jest proces uzyskiwania pozwole\u0144. Aby zbudowa\u0107 biogazowni\u0119, trzeba b\u0119dzie uzyska\u0107 kilka pozwole\u0144 od w\u0142adz lokalnych. Pierwszym krokiem jest z\u0142o\u017cenie raportu z oceny oddzia\u0142ywania na \u015brodowisko (EIA) w lokalnym urz\u0119dzie planowania. Raport ten musi oceni\u0107 potencjalny wp\u0142yw biogazowni na jako\u015b\u0107 powietrza, zasoby wodne i poziom ha\u0142asu. Nast\u0119pnie nale\u017cy z\u0142o\u017cy\u0107 wniosek o pozwolenie na budow\u0119 w lokalnym urz\u0119dzie budowlanym. Pozwolenie to umo\u017cliwia rozpocz\u0119cie budowy biogazowni.<\/p>\n<h2><span id=\"Kiedy_jest_wymagane_pozwolenie_zintegrowane_dla_biogazowni\">Kiedy jest wymagane pozwolenie zintegrowane dla biogazowni?<\/span><\/h2>\n<p>Pozwolenie zintegrowane jest wymagane dla biogazowni, je\u015bli w obiekcie b\u0119dzie prowadzona dzia\u0142alno\u015b\u0107 mog\u0105ca negatywnie oddzia\u0142ywa\u0107 na \u015brodowisko. Celem pozwolenia zintegrowanego jest zapewnienie, \u017ce biogazownia nie b\u0119dzie mia\u0142a negatywnego wp\u0142ywu na jako\u015b\u0107 powietrza, zasoby wodne czy poziom ha\u0142asu.<\/p>\n<p>Konkretne wymagania dla biogazowni b\u0119d\u0105 si\u0119 r\u00f3\u017cni\u0107 w zale\u017cno\u015bci od lokalizacji biogazowni i rodzaju dzia\u0142alno\u015bci, kt\u00f3ra b\u0119dzie prowadzona w obiekcie. Og\u00f3lnie jednak biogazownia b\u0119dzie musia\u0142a uzyska\u0107 pozwolenia na emisj\u0119 do powietrza, odprowadzanie \u015bciek\u00f3w i usuwanie odpad\u00f3w sta\u0142ych. W zale\u017cno\u015bci od projektu biogazownia mo\u017ce potrzebowa\u0107 r\u00f3wnie\u017c innych pozwole\u0144 lub zg\u00f3d od agencji lokalnych, stanowych lub federalnych.<\/p>\n<p>Proces uzyskiwania pozwole\u0144 dla biogazowni mo\u017ce by\u0107 skomplikowany, ale wa\u017cne jest, aby zapewni\u0107, \u017ce Pa\u0144stwa biogazownia spe\u0142nia wszystkie normy \u015brodowiskowe. Wsp\u00f3\u0142pracuj\u0105c z do\u015bwiadczonymi specjalistami i post\u0119puj\u0105c zgodnie z wszystkimi wymaganymi krokami, mo\u017cna uzyska\u0107 pozwolenia potrzebne do budowy biogazowni.<\/p>","protected":false},"excerpt":{"rendered":"<p>Spis tre\u015bciBiogazownia pozwolenia, Czy biogazownia wymaga decyzji \u015brodowiskowej?Czy biogazownia wymaga decyzji \u015brodowiskowej?Biogazownia b\u0119dzie musia\u0142a uzyska\u0107 pozwolenia na emisj\u0119 do powietrza, odprowadzanie \u015bciek\u00f3w i usuwanie odpad\u00f3w sta\u0142ychPozwolenie na budow\u0119 biogazowniEkonomika biogazowni5 typowych b\u0142\u0119dach przy planowaniu biogazowniJak wybra\u0107 odpowiedni\u0105 technologi\u0119 dla Twojej biogazowniKiedy jest wymagane pozwolenie zintegrowane dla biogazowni? Biogazownia pozwolenia, Czy biogazownia wymaga decyzji \u015brodowiskowej? Biogazownie [&hellip;]<\/p>","protected":false},"author":1,"featured_media":0,"parent":0,"menu_order":0,"comment_status":"closed","ping_status":"closed","template":"","meta":{"_et_pb_use_builder":"","_et_pb_old_content":"","_et_gb_content_width":""},"yst_prominent_words":[],"_links":{"self":[{"href":"https:\/\/kogeneracjagazowa.pl\/en\/wp-json\/wp\/v2\/pages\/1171"}],"collection":[{"href":"https:\/\/kogeneracjagazowa.pl\/en\/wp-json\/wp\/v2\/pages"}],"about":[{"href":"https:\/\/kogeneracjagazowa.pl\/en\/wp-json\/wp\/v2\/types\/page"}],"author":[{"embeddable":true,"href":"https:\/\/kogeneracjagazowa.pl\/en\/wp-json\/wp\/v2\/users\/1"}],"replies":[{"embeddable":true,"href":"https:\/\/kogeneracjagazowa.pl\/en\/wp-json\/wp\/v2\/comments?post=1171"}],"version-history":[{"count":2,"href":"https:\/\/kogeneracjagazowa.pl\/en\/wp-json\/wp\/v2\/pages\/1171\/revisions"}],"predecessor-version":[{"id":1174,"href":"https:\/\/kogeneracjagazowa.pl\/en\/wp-json\/wp\/v2\/pages\/1171\/revisions\/1174"}],"wp:attachment":[{"href":"https:\/\/kogeneracjagazowa.pl\/en\/wp-json\/wp\/v2\/media?parent=1171"}],"wp:term":[{"taxonomy":"yst_prominent_words","embeddable":true,"href":"https:\/\/kogeneracjagazowa.pl\/en\/wp-json\/wp\/v2\/yst_prominent_words?post=1171"}],"curies":[{"name":"wp","href":"https:\/\/api.w.org\/{rel}","templated":true}]}}