{"id":1168,"date":"2022-11-08T10:12:44","date_gmt":"2022-11-08T10:12:44","guid":{"rendered":"https:\/\/kogeneracjagazowa.pl\/?page_id=1168"},"modified":"2022-11-08T10:13:20","modified_gmt":"2022-11-08T10:13:20","slug":"biogazownia-oplacalnosc","status":"publish","type":"page","link":"https:\/\/kogeneracjagazowa.pl\/en\/biogazownia-oplacalnosc\/","title":{"rendered":"Biogazownia op\u0142acalno\u015b\u0107. Czy biogazownie rolnicze to droga przysz\u0142o\u015bci?"},"content":{"rendered":"<div id=\"toc_container\" class=\"no_bullets\"><p class=\"toc_title\">Spis tre\u015bci<\/p><ul class=\"toc_list\"><li><a href=\"#Oplacalnosc_inwestycji_w_biogazownie_rolnicze\">Op\u0142acalno\u015b\u0107 inwestycji w biogazownie rolnicze<\/a><\/li><li><a href=\"#Czym_jest_biogazownia_rolnicza\">Czym jest biogazownia rolnicza?<\/a><\/li><li><a href=\"#Ile_mozna_zarobic_na_biogazowni\">Ile mo\u017cna zarobi\u0107 na biogazowni?<\/a><\/li><li><a href=\"#O_czym_nalezy_pamietac_aby_inwestycja_w_biogazownie_rolnicza_byla_oplacalna\">O czym nale\u017cy pami\u0119ta\u0107, aby inwestycja w biogazowni\u0119 rolnicz\u0105 by\u0142a op\u0142acalna<\/a><\/li><li><a href=\"#Ile_biogazu_z_hektara\">Ile biogazu z hektara?<\/a><\/li><li><a href=\"#Oplacalnosc_biogazowni_rolniczych_8211_studium_przypadku\">Op\u0142acalno\u015b\u0107 biogazowni rolniczych &#8211; studium przypadku<\/a><\/li><li><a href=\"#Jakie_dofinansowanie_dla_biogazowni\">Jakie dofinansowanie dla biogazowni?<\/a><\/li><li><a href=\"#Ile_kosztuje_zalozenie_biogazowni\">Ile kosztuje za\u0142o\u017cenie biogazowni?<\/a><\/li><li><a href=\"#Podsumowanie\">Podsumowanie<\/a><\/li><\/ul><\/div>\n<h2><span id=\"Oplacalnosc_inwestycji_w_biogazownie_rolnicze\">Op\u0142acalno\u015b\u0107 inwestycji w biogazownie rolnicze<\/span><\/h2>\n<p>Istnieje wiele korzy\u015bci z inwestowania w biogazownie rolnicze. Biogaz jest odnawialnym \u017ar\u00f3d\u0142em energii, kt\u00f3re mo\u017ce pom\u00f3c rolnikom zmniejszy\u0107 ich zale\u017cno\u015b\u0107 od paliw kopalnych, zapewniaj\u0105c jednocze\u015bnie dodatkowe \u017ar\u00f3d\u0142o dochodu. Biogazownie rolnicze mog\u0105 r\u00f3wnie\u017c przyczyni\u0107 si\u0119 do poprawy stanu \u015brodowiska poprzez zmniejszenie emisji metanu z odchod\u00f3w zwierz\u0119cych.<\/p>\n<p>Ponadto, biogazownie rolnicze mog\u0105 zmniejszy\u0107 ilo\u015b\u0107 odpad\u00f3w, kt\u00f3re musz\u0105 by\u0107 utylizowane na farmach. Inwestycja w biogazownie rolnicze mo\u017ce wi\u0119c przynie\u015b\u0107 wiele korzy\u015bci rolnikom i \u015brodowisku. Aby jednak biogazownia rolnicza mog\u0142a by\u0107 op\u0142acalna, inwestorzy musz\u0105 pami\u0119ta\u0107 o kilku czynno\u015bciach.<\/p>\n<p>1. Czym jest biogazownia rolnicza?<\/p>\n<p>2. Ile mo\u017cna zarobi\u0107 na biogazowni?<\/p>\n<p>3. O czym nale\u017cy pami\u0119ta\u0107, aby inwestycja w biogazowni\u0119 rolnicz\u0105 by\u0142a op\u0142acalna<\/p>\n<p>4. Ile biogazu z hektara?<\/p>\n<p>5. Op\u0142acalno\u015b\u0107 biogazowni rolniczych &#8211; studium przypadku<\/p>\n<p>6. Jakie dofinansowanie do biogazowni?<\/p>\n<p>7. Ile kosztuje za\u0142o\u017cenie biogazowni?<\/p>\n<p>8. Jakie dofinansowanie do biogazowni?<\/p>\n<h2><span id=\"Czym_jest_biogazownia_rolnicza\">Czym jest biogazownia rolnicza?<\/span><\/h2>\n<p>Biogazownie rolnicze to rodzaj elektrowni, kt\u00f3ra wykorzystuje odpady rolnicze do produkcji energii elektrycznej. Zak\u0142ady te mog\u0105 pom\u00f3c rolnikom zmniejszy\u0107 zale\u017cno\u015b\u0107 od paliw kopalnych, zapewniaj\u0105c jednocze\u015bnie dodatkowe \u017ar\u00f3d\u0142o dochodu. Ponadto biogazownie rolnicze mog\u0105 przyczyni\u0107 si\u0119 do poprawy stanu \u015brodowiska naturalnego poprzez zmniejszenie emisji metanu z odchod\u00f3w zwierz\u0119cych. Aby jednak biogazownia rolnicza by\u0142a op\u0142acalna, inwestorzy musz\u0105 pami\u0119ta\u0107 o kilku krokach. Po pierwsze, musz\u0105 zapewni\u0107 sobie odpowiednie finansowanie inwestycji. Po drugie, musz\u0105 wybra\u0107 odpowiedni\u0105 lokalizacj\u0119 dla biogazowni rolniczej. Po trzecie, musz\u0105 podej\u015b\u0107 do inwestycji z my\u015bl\u0105 d\u0142ugoterminow\u0105. Op\u0142acalno\u015b\u0107 inwestycji w biogazownie rolnicze nie jest wi\u0119c tylko kwesti\u0105 pieni\u0119dzy, ale tak\u017ce planowania strategicznego.<\/p>\n<h2><span id=\"Ile_mozna_zarobic_na_biogazowni\">Ile mo\u017cna zarobi\u0107 na biogazowni?<\/span><\/h2>\n<p>Ilo\u015b\u0107 pieni\u0119dzy, kt\u00f3re mo\u017cna zarobi\u0107 na biogazowni rolniczej zale\u017cy od kilku czynnik\u00f3w. Po pierwsze, wielko\u015b\u0107 biogazowni rolniczej b\u0119dzie mia\u0142a wp\u0142yw na ilo\u015b\u0107 produkowanej przez ni\u0105 energii elektrycznej. Po drugie, cena energii elektrycznej wp\u0142ywa na rentowno\u015b\u0107 biogazowni rolniczej. Po trzecie, koszty uruchomienia i eksploatacji biogazowni rolniczej r\u00f3wnie\u017c wp\u0142ywaj\u0105 na jej rentowno\u015b\u0107. Generalnie jednak biogazownie rolnicze mog\u0105 by\u0107 ca\u0142kiem op\u0142acalnymi inwestycjami.<\/p>\n<h2><span id=\"O_czym_nalezy_pamietac_aby_inwestycja_w_biogazownie_rolnicza_byla_oplacalna\">O czym nale\u017cy pami\u0119ta\u0107, aby inwestycja w biogazowni\u0119 rolnicz\u0105 by\u0142a op\u0142acalna<\/span><\/h2>\n<p>Aby inwestycja w biogazownie rolnicze by\u0142a op\u0142acalna, nale\u017cy pami\u0119ta\u0107 o kilku rzeczach. Po pierwsze, biogazownie rolnicze wymagaj\u0105 znacznej ilo\u015bci inwestycji pocz\u0105tkowych. Po drugie, biogazownie rolnicze maj\u0105 wysokie koszty eksploatacji. Po trzecie, biogazownie rolnicze musz\u0105 by\u0107 zlokalizowane na obszarach o du\u017cej produkcji odpad\u00f3w rolniczych. Po czwarte, biogazownie rolnicze maj\u0105 d\u0142ugi okres zwrotu inwestycji. Mimo to biogazownie rolnicze mog\u0105 by\u0107 bardzo op\u0142acalnymi inwestycjami, je\u015bli wszystkie te czynniki zostan\u0105 uwzgl\u0119dnione przed dokonaniem inwestycji.<\/p>\n<h2><span id=\"Ile_biogazu_z_hektara\">Ile biogazu z hektara?<\/span><\/h2>\n<p>Ilo\u015b\u0107 biogazu produkowanego przez biogazowni\u0119 rolnicz\u0105 zale\u017cy od rodzaju zastosowanych odpad\u00f3w rolniczych. Na przyk\u0142ad biogazownie rolnicze wykorzystuj\u0105ce jako substrat obornik mog\u0105 produkowa\u0107 do 250 metr\u00f3w sze\u015bciennych biogazu na hektar rocznie. Natomiast biogazownie rolnicze wykorzystuj\u0105ce jako substrat resztki ro\u015blinne mog\u0105 produkowa\u0107 do 500 metr\u00f3w sze\u015bciennych biogazu na hektar rocznie.<\/p>\n<h2><span id=\"Oplacalnosc_biogazowni_rolniczych_8211_studium_przypadku\">Op\u0142acalno\u015b\u0107 biogazowni rolniczych &#8211; studium przypadku<\/span><\/h2>\n<p>W celu oceny op\u0142acalno\u015bci biogazowni rolniczych przeprowadzono studium przypadku w Indiach. W wyniku badania stwierdzono, \u017ce biogazownia rolnicza o mocy 1 MW mo\u017ce wygenerowa\u0107 zysk w wysoko\u015bci Rs. 10 mln (156 tys. USD) rocznie. W badaniu stwierdzono r\u00f3wnie\u017c, \u017ce okres zwrotu koszt\u00f3w dla biogazowni rolniczej wynosi od 3 do 5 lat.<\/p>\n<h2><span id=\"Jakie_dofinansowanie_dla_biogazowni\">Jakie dofinansowanie dla biogazowni?<\/span><\/h2>\n<p>Istnieje kilka sposob\u00f3w na sfinansowanie biogazowni rolniczej. Jednym ze sposob\u00f3w jest zaci\u0105gni\u0119cie kredytu w banku. Innym sposobem jest otrzymanie dotacji rz\u0105dowych. Ponadto mo\u017cliwe jest r\u00f3wnie\u017c uzyskanie przychod\u00f3w poprzez sprzeda\u017c kredyt\u00f3w w\u0119glowych. Po wi\u0119cej informacji zapraszamy do kontaktu &#8211; specjalizujemy si\u0119 w pozyskiwaniu finansowania na biogazownie.<\/p>\n<h2><span id=\"Ile_kosztuje_zalozenie_biogazowni\">Ile kosztuje za\u0142o\u017cenie biogazowni?<\/span><\/h2>\n<p>Koszt za\u0142o\u017cenia biogazowni rolniczej zale\u017cy od jej wielko\u015bci i lokalizacji. Og\u00f3lnie rzecz bior\u0105c, mo\u017cna jednak za\u0142o\u017cy\u0107 biogazowni\u0119 rolnicz\u0105 o mocy 1 MW za oko\u0142o 30 mln Rs. (470 tys. USD).<\/p>\n<h2><span id=\"Podsumowanie\">Podsumowanie<\/span><\/h2>\n<p>Biogazownie rolnicze mog\u0105 by\u0107 ca\u0142kiem op\u0142acalne. Jest jednak kilka rzeczy, o kt\u00f3rych nale\u017cy pami\u0119ta\u0107, aby inwestycja by\u0142a op\u0142acalna. Po pierwsze, biogazownie rolnicze wymagaj\u0105 znacznej ilo\u015bci inwestycji pocz\u0105tkowych. Po drugie, biogazownie rolnicze maj\u0105 wysokie koszty operacyjne. Po trzecie, biogazownie rolnicze musz\u0105 by\u0107 zlokalizowane na obszarach o du\u017cej produkcji odpad\u00f3w rolniczych. Po czwarte, biogazownie rolnicze maj\u0105 d\u0142ugi okres zwrotu. Mimo to biogazownie rolnicze mog\u0105 by\u0107 bardzo op\u0142acaln\u0105 inwestycj\u0105, je\u015bli przed inwestycj\u0105 uwzgl\u0119dni si\u0119 wszystkie te czynniki.<\/p>","protected":false},"excerpt":{"rendered":"<p>Spis tre\u015bciOp\u0142acalno\u015b\u0107 inwestycji w biogazownie rolniczeCzym jest biogazownia rolnicza?Ile mo\u017cna zarobi\u0107 na biogazowni?O czym nale\u017cy pami\u0119ta\u0107, aby inwestycja w biogazowni\u0119 rolnicz\u0105 by\u0142a op\u0142acalnaIle biogazu z hektara?Op\u0142acalno\u015b\u0107 biogazowni rolniczych &#8211; studium przypadkuJakie dofinansowanie dla biogazowni?Ile kosztuje za\u0142o\u017cenie biogazowni?Podsumowanie Op\u0142acalno\u015b\u0107 inwestycji w biogazownie rolnicze Istnieje wiele korzy\u015bci z inwestowania w biogazownie rolnicze. Biogaz jest odnawialnym \u017ar\u00f3d\u0142em energii, [&hellip;]<\/p>","protected":false},"author":1,"featured_media":0,"parent":0,"menu_order":0,"comment_status":"closed","ping_status":"closed","template":"","meta":{"_et_pb_use_builder":"","_et_pb_old_content":"","_et_gb_content_width":""},"yst_prominent_words":[],"_links":{"self":[{"href":"https:\/\/kogeneracjagazowa.pl\/en\/wp-json\/wp\/v2\/pages\/1168"}],"collection":[{"href":"https:\/\/kogeneracjagazowa.pl\/en\/wp-json\/wp\/v2\/pages"}],"about":[{"href":"https:\/\/kogeneracjagazowa.pl\/en\/wp-json\/wp\/v2\/types\/page"}],"author":[{"embeddable":true,"href":"https:\/\/kogeneracjagazowa.pl\/en\/wp-json\/wp\/v2\/users\/1"}],"replies":[{"embeddable":true,"href":"https:\/\/kogeneracjagazowa.pl\/en\/wp-json\/wp\/v2\/comments?post=1168"}],"version-history":[{"count":1,"href":"https:\/\/kogeneracjagazowa.pl\/en\/wp-json\/wp\/v2\/pages\/1168\/revisions"}],"predecessor-version":[{"id":1169,"href":"https:\/\/kogeneracjagazowa.pl\/en\/wp-json\/wp\/v2\/pages\/1168\/revisions\/1169"}],"wp:attachment":[{"href":"https:\/\/kogeneracjagazowa.pl\/en\/wp-json\/wp\/v2\/media?parent=1168"}],"wp:term":[{"taxonomy":"yst_prominent_words","embeddable":true,"href":"https:\/\/kogeneracjagazowa.pl\/en\/wp-json\/wp\/v2\/yst_prominent_words?post=1168"}],"curies":[{"name":"wp","href":"https:\/\/api.w.org\/{rel}","templated":true}]}}