{"id":1159,"date":"2022-11-08T09:42:27","date_gmt":"2022-11-08T09:42:27","guid":{"rendered":"https:\/\/kogeneracjagazowa.pl\/?page_id=1159"},"modified":"2022-11-08T09:46:54","modified_gmt":"2022-11-08T09:46:54","slug":"mikrobiogazownia-jak-zalozyc-wlasna-mikrobiogazownie","status":"publish","type":"page","link":"https:\/\/kogeneracjagazowa.pl\/en\/mikrobiogazownia-jak-zalozyc-wlasna-mikrobiogazownie\/","title":{"rendered":"Mikrobiogazownia &#8211; jak za\u0142o\u017cy\u0107 w\u0142asn\u0105 mikrobiogazowni\u0119?"},"content":{"rendered":"<p>Mikrobiogazownie produkuj\u0105 gaz z odpad\u00f3w organicznych. Gaz ten mo\u017ce by\u0107 wykorzystywany do zasilania dom\u00f3w i firm lub mo\u017ce by\u0107 przetwarzany na inne formy energii, takie jak energia elektryczna. Mikrobiogazownie s\u0105 realn\u0105 opcj\u0105 dla spo\u0142eczno\u015bci, kt\u00f3re chc\u0105 generowa\u0107 w\u0142asn\u0105 energi\u0119 i zmniejszy\u0107 swoje uzale\u017cnienie od paliw kopalnych.<\/p>\n<p>Za\u0142o\u017cenie mikrobiogazowni wi\u0105\u017ce si\u0119 z kilkoma krokami. Po pierwsze, nale\u017cy zebra\u0107 odpady organiczne. Mo\u017cna to zrobi\u0107 za po\u015brednictwem miejskich program\u00f3w odpad\u00f3w sta\u0142ych, lub mo\u017cna je pozyska\u0107 z lokalnych gospodarstw i firm. Po zebraniu odpad\u00f3w organicznych, nale\u017cy je przetworzy\u0107 na biogaz. Odbywa si\u0119 to w procesie fermentacji beztlenowej, kt\u00f3ra rozk\u0142ada materi\u0119 organiczn\u0105 na metan i dwutlenek w\u0119gla. Metan jest g\u0142\u00f3wnym sk\u0142adnikiem gazu ziemnego i mo\u017ce by\u0107 wykorzystywany do zasilania dom\u00f3w i firm. Dwutlenek w\u0119gla mo\u017ce by\u0107 przekszta\u0142cony w inne formy energii, takie jak energia elektryczna.<\/p>\n<p>Po przetworzeniu odpad\u00f3w organicznych na biogaz, nale\u017cy go przechowywa\u0107. Mo\u017cna to zrobi\u0107 na wiele sposob\u00f3w, w tym w zbiornikach naziemnych, podziemnych lub w postaci spr\u0119\u017conego gazu ziemnego (CNG). Po zmagazynowaniu biogazu mo\u017cna go wykorzysta\u0107 do zasilania dom\u00f3w i firm. Biogazownie oferuj\u0105 szereg korzy\u015bci w stosunku do tradycyjnych \u017ar\u00f3de\u0142 energii. S\u0105 odnawialne, co oznacza, \u017ce nigdy si\u0119 nie wyczerpi\u0105. S\u0105 r\u00f3wnie\u017c przyjazne dla \u015brodowiska, poniewa\u017c wytwarzaj\u0105 mniej gaz\u00f3w cieplarnianych ni\u017c paliwa kopalne.<\/p>\n<p>Mikrobiogazownie oferuj\u0105 szereg zalet w stosunku do tradycyjnych \u017ar\u00f3de\u0142 energii. S\u0105 odnawialne, co oznacza, \u017ce nigdy si\u0119 nie wyczerpi\u0105. S\u0105 r\u00f3wnie\u017c przyjazne dla \u015brodowiska, poniewa\u017c wytwarzaj\u0105 mniej gaz\u00f3w cieplarnianych ni\u017c paliwa kopalne. Mikrobiogazownie s\u0105 realn\u0105 opcj\u0105 dla spo\u0142eczno\u015bci, kt\u00f3re chc\u0105 generowa\u0107 w\u0142asn\u0105 energi\u0119 i zmniejszy\u0107 swoj\u0105 zale\u017cno\u015b\u0107 od paliw kopalnych. W tym wpisie na blogu om\u00f3wimy, jak uruchomi\u0107 w\u0142asn\u0105 mikrobiogazowni\u0119. Przedstawimy r\u00f3wnie\u017c przegl\u0105d korzy\u015bci wynikaj\u0105cych z posiadania w\u0142asnej mikrobiogazowni.<\/p>\n<div id=\"toc_container\" class=\"no_bullets\"><p class=\"toc_title\">Spis tre\u015bci<\/p><ul class=\"toc_list\"><li><a href=\"#Ile_kosztuje_Mikrobiogazownia\">Ile kosztuje Mikrobiogazownia?<\/a><\/li><li><a href=\"#Jak_wybrac_odpowiednia_lokalizacje_dla_mikrobiogazowni\">Jak wybra\u0107 odpowiedni\u0105 lokalizacj\u0119 dla mikrobiogazowni?<\/a><\/li><li><a href=\"#Jaki_rodzaj_odpadow_organicznych_mozna_wykorzystac_do_wytworzenia_biogazu\">Jaki rodzaj odpad\u00f3w organicznych mo\u017cna wykorzysta\u0107 do wytworzenia biogazu?<\/a><\/li><li><a href=\"#Jakie_sa_korzysci_z_wykorzystania_biogazu\">Jakie s\u0105 korzy\u015bci z wykorzystania biogazu?<\/a><\/li><li><a href=\"#Jak_dziala_mikrobiogazownia\">Jak dzia\u0142a mikrobiogazownia?<\/a><\/li><li><a href=\"#Jakie_sa_zalety_posiadania_mikrobiogazowni\">Jakie s\u0105 zalety posiadania mikrobiogazowni?<\/a><\/li><li><a href=\"#Ile_kosztuje_uruchomienie_mikrobiogazowni\">Ile kosztuje uruchomienie mikrobiogazowni?<\/a><\/li><li><a href=\"#Czy_oplaca_sie_budowac_biogazownie\">Czy op\u0142aca si\u0119 budowa\u0107 biogazownie?<\/a><\/li><li><a href=\"#Jakie_sa_wady_korzystania_z_biogazu\">Jakie s\u0105 wady korzystania z biogazu?<\/a><\/li><li><a href=\"#Podsumowanie\">Podsumowanie<\/a><\/li><\/ul><\/div>\n<h2><span id=\"Ile_kosztuje_Mikrobiogazownia\">Ile kosztuje Mikrobiogazownia?<\/span><\/h2>\n<p>Koszt instalacji mikrobiogazu zale\u017cy od wielu czynnik\u00f3w, w tym od wielko\u015bci i skali projektu. Generalnie jednak, zak\u0142ad na ma\u0142\u0105 skal\u0119 mo\u017ce kosztowa\u0107 od 500 do 5.000 dolar\u00f3w. Instalacja na wi\u0119ksz\u0105 skal\u0119 mo\u017ce kosztowa\u0107 nawet 100 000 USD. Cena zak\u0142adu gazu mikrobiologicznego b\u0119dzie r\u00f3wnie\u017c zale\u017ce\u0107 od lokalizacji i rodzaju odpad\u00f3w, kt\u00f3re s\u0105 wykorzystywane do generowania biogazu.<\/p>\n<h2><span id=\"Jak_wybrac_odpowiednia_lokalizacje_dla_mikrobiogazowni\">Jak wybra\u0107 odpowiedni\u0105 lokalizacj\u0119 dla mikrobiogazowni?<\/span><\/h2>\n<p>Wybieraj\u0105c lokalizacj\u0119 dla swojej mikrobiogazowni, trzeba b\u0119dzie wzi\u0105\u0107 pod uwag\u0119 kilka rzeczy. Przede wszystkim nale\u017cy upewni\u0107 si\u0119, \u017ce w pobli\u017cu znajduje si\u0119 niezawodny \u017ar\u00f3d\u0142o odpad\u00f3w organicznych. To mo\u017ce by\u0107 uzyskane z miejskich program\u00f3w odpad\u00f3w sta\u0142ych, lub mo\u017ce by\u0107 zbierane z lokalnych gospodarstw i przedsi\u0119biorstw. Po uzyskaniu wiarygodnego \u017ar\u00f3d\u0142a odpad\u00f3w organicznych, trzeba b\u0119dzie znale\u017a\u0107 miejsce, kt\u00f3re ma przestrze\u0144, aby pomie\u015bci\u0107 zak\u0142adu. Trzeba b\u0119dzie r\u00f3wnie\u017c upewni\u0107 si\u0119, \u017ce lokalizacja ma dost\u0119p do wody i energii elektrycznej. Wreszcie, nale\u017cy rozwa\u017cy\u0107 klimat obszaru przy wyborze lokalizacji dla zak\u0142adu<\/p>\n<h2><span id=\"Jaki_rodzaj_odpadow_organicznych_mozna_wykorzystac_do_wytworzenia_biogazu\">Jaki rodzaj odpad\u00f3w organicznych mo\u017cna wykorzysta\u0107 do wytworzenia biogazu?<\/span><\/h2>\n<p>Istnieje wiele r\u00f3\u017cnych rodzaj\u00f3w odpad\u00f3w organicznych, kt\u00f3re mog\u0105 by\u0107 wykorzystane do generowania biogazu. Nale\u017c\u0105 do nich resztki \u017cywno\u015bci, obornik, \u015bcieki i odpady rolnicze. Og\u00f3lnie rzecz bior\u0105c, ka\u017cdy rodzaj materii organicznej mo\u017ce mo\u017cna wykorzysta\u0107 do wytworzenia biogazu. Jednak niekt\u00f3re rodzaje odpad\u00f3w organicznych s\u0105 bardziej wydajne ni\u017c inne. Na przyk\u0142ad resztki \u017cywno\u015bci zawieraj\u0105 du\u017c\u0105 ilo\u015b\u0107 energii, co czyni je idealnymi do wytwarzania biogazu. \u015acieki i obornik r\u00f3wnie\u017c zawieraj\u0105 du\u017c\u0105 ilo\u015b\u0107 energii, ale mog\u0105 by\u0107 trudne do przetworzenia<\/p>\n<h2><span id=\"Jakie_sa_korzysci_z_wykorzystania_biogazu\">Jakie s\u0105 korzy\u015bci z wykorzystania biogazu?<\/span><\/h2>\n<p>Istnieje wiele korzy\u015bci z zastosowania biogazu. Biogaz jest odnawialny i przyjazny dla \u015brodowiska. Mo\u017ce by\u0107 r\u00f3wnie\u017c wykorzystywany do wytwarzania energii elektrycznej oraz ogrzewania dom\u00f3w i przedsi\u0119biorstw. Biogazownie oferuj\u0105 szereg korzy\u015bci w por\u00f3wnaniu z tradycyjnymi \u017ar\u00f3d\u0142ami energii. S\u0105 odnawialne, co oznacza, \u017ce nigdy si\u0119 nie wyczerpi\u0105. S\u0105 r\u00f3wnie\u017c przyjazne dla \u015brodowiska, poniewa\u017c produkuj\u0105 mniej gaz\u00f3w cieplarnianych ni\u017c paliwa kopalne. Mikrobiogazownie s\u0105 realn\u0105 opcj\u0105 dla spo\u0142eczno\u015bci, kt\u00f3re chc\u0105 wytwarza\u0107 w\u0142asn\u0105 energi\u0119 i zmniejszy\u0107 swoje uzale\u017cnienie od paliw kopalnych .<\/p>\n<h2><span id=\"Jak_dziala_mikrobiogazownia\">Jak dzia\u0142a mikrobiogazownia?<\/span><\/h2>\n<p>Mikrobiogazownia dzia\u0142a poprzez rozk\u0142adanie materii organicznej w celu wytworzenia biogazu. Proces ten znany jest jako fermentacja beztlenowa. Materia organiczna jest rozk\u0142adana przez bakterie przy braku tlenu. Wytworzony biogaz mo\u017ce by\u0107 wykorzystany do wytwarzania energii elektrycznej lub ogrzewania dom\u00f3w i firm<\/p>\n<h2><span id=\"Jakie_sa_zalety_posiadania_mikrobiogazowni\">Jakie s\u0105 zalety posiadania mikrobiogazowni?<\/span><\/h2>\n<p>Istnieje wiele korzy\u015bci z posiadania mikrobiogazowni. Mikrobiogazownie oferuj\u0105 szereg zalet w stosunku do tradycyjnych \u017ar\u00f3de\u0142 energii. S\u0105 to jest odnawialny i przyjazny dla \u015brodowiska. Instalacje mikrobiogazu mog\u0105 r\u00f3wnie\u017c wytwarza\u0107 energi\u0119 elektryczn\u0105 oraz ogrzewa\u0107 domy i przedsi\u0119biorstwa. Stanowi\u0105 one realn\u0105 opcj\u0119 dla spo\u0142eczno\u015bci, kt\u00f3re chc\u0105 generowa\u0107 w\u0142asn\u0105 energi\u0119 i zmniejszy\u0107 swoje uzale\u017cnienie od paliw kopalnych<\/p>\n<p>&nbsp;<\/p>\n<h2><span id=\"Ile_kosztuje_uruchomienie_mikrobiogazowni\">Ile kosztuje uruchomienie mikrobiogazowni?<\/span><\/h2>\n<p>Koszt uruchomienia mikrobiogazowni b\u0119dzie si\u0119 r\u00f3\u017cni\u0142 w zale\u017cno\u015bci od r\u00f3\u017cnych czynnik\u00f3w. Nale\u017c\u0105 do nich wielko\u015b\u0107 zak\u0142adu, lokalizacja i rodzaj wykorzystywanych odpad\u00f3w organicznych. Og\u00f3lnie rzecz bior\u0105c, uruchomienie ma\u0142ej mikrobiogazowni b\u0119dzie kosztowa\u0107 od 500 do 1000 dolar\u00f3w. Wi\u0119ksze zak\u0142ady mog\u0105 kosztowa\u0107 do 5.000 dolar\u00f3w.<\/p>\n<h2><span id=\"Czy_oplaca_sie_budowac_biogazownie\">Czy op\u0142aca si\u0119 budowa\u0107 biogazownie?<\/span><\/h2>\n<p>Tak, mo\u017cliwe jest generowanie zysk\u00f3w poprzez budow\u0119 biogazowni. Wysoko\u015b\u0107 zysku, jaki mo\u017cna osi\u0105gn\u0105\u0107, zale\u017cy od r\u00f3\u017cnych czynnik\u00f3w, takich jak wielko\u015b\u0107 instalacji i rodzaj wykorzystywanych odpad\u00f3w organicznych. Og\u00f3lnie rzecz bior\u0105c, biogazownie mog\u0105 generowa\u0107 zysk w wysoko\u015bci od 500 do 5 000 USD rocznie.<\/p>\n<h2><span id=\"Jakie_sa_wady_korzystania_z_biogazu\">Jakie s\u0105 wady korzystania z biogazu?<\/span><\/h2>\n<p>Chocia\u017c istnieje wiele zalet stosowania biogazu, s\u0105 te\u017c pewne wady. Biogazownie mog\u0105 by\u0107 drogie w budowie i utrzymaniu. Do prawid\u0142owego funkcjonowania wymagaj\u0105 r\u00f3wnie\u017c sta\u0142ego dop\u0142ywu materii organicznej. Ponadto biogazownie produkuj\u0105 metan, kt\u00f3ry jest gazem cieplarnianym przyczyniaj\u0105cym si\u0119 do zmian klimatycznych.<\/p>\n<h2><span id=\"Podsumowanie\">Podsumowanie<\/span><\/h2>\n<p>Og\u00f3lnie rzecz bior\u0105c, posiadanie mikrobiogazowni mo\u017ce by\u0107 korzystne zar\u00f3wno dla \u015brodowiska, jak i Twojego portfela. S\u0105 one stosunkowo tanie w budowie i mog\u0105 zapewni\u0107 zwrot z inwestycji dzi\u0119ki wytwarzaniu energii elektrycznej lub ciep\u0142a. Chocia\u017c istniej\u0105 pewne wady stosowania biogazu, takie jak produkcja metanu, to w tym przypadku zalety przewa\u017caj\u0105 nad wadami. Je\u015bli szukasz alternatywnego \u017ar\u00f3d\u0142a energii, biogaz zdecydowanie powinien by\u0107 brany pod uwag\u0119.<\/p>","protected":false},"excerpt":{"rendered":"<p>Mikrobiogazownie produkuj\u0105 gaz z odpad\u00f3w organicznych. Gaz ten mo\u017ce by\u0107 wykorzystywany do zasilania dom\u00f3w i firm lub mo\u017ce by\u0107 przetwarzany na inne formy energii, takie jak energia elektryczna. Mikrobiogazownie s\u0105 realn\u0105 opcj\u0105 dla spo\u0142eczno\u015bci, kt\u00f3re chc\u0105 generowa\u0107 w\u0142asn\u0105 energi\u0119 i zmniejszy\u0107 swoje uzale\u017cnienie od paliw kopalnych. Za\u0142o\u017cenie mikrobiogazowni wi\u0105\u017ce si\u0119 z kilkoma krokami. Po pierwsze, [&hellip;]<\/p>","protected":false},"author":1,"featured_media":0,"parent":0,"menu_order":0,"comment_status":"closed","ping_status":"closed","template":"","meta":{"_et_pb_use_builder":"","_et_pb_old_content":"","_et_gb_content_width":""},"yst_prominent_words":[223,228,214,226,209,222,224,218,212,216,219,213,221,210,227,220,211,217,215],"_links":{"self":[{"href":"https:\/\/kogeneracjagazowa.pl\/en\/wp-json\/wp\/v2\/pages\/1159"}],"collection":[{"href":"https:\/\/kogeneracjagazowa.pl\/en\/wp-json\/wp\/v2\/pages"}],"about":[{"href":"https:\/\/kogeneracjagazowa.pl\/en\/wp-json\/wp\/v2\/types\/page"}],"author":[{"embeddable":true,"href":"https:\/\/kogeneracjagazowa.pl\/en\/wp-json\/wp\/v2\/users\/1"}],"replies":[{"embeddable":true,"href":"https:\/\/kogeneracjagazowa.pl\/en\/wp-json\/wp\/v2\/comments?post=1159"}],"version-history":[{"count":4,"href":"https:\/\/kogeneracjagazowa.pl\/en\/wp-json\/wp\/v2\/pages\/1159\/revisions"}],"predecessor-version":[{"id":1163,"href":"https:\/\/kogeneracjagazowa.pl\/en\/wp-json\/wp\/v2\/pages\/1159\/revisions\/1163"}],"wp:attachment":[{"href":"https:\/\/kogeneracjagazowa.pl\/en\/wp-json\/wp\/v2\/media?parent=1159"}],"wp:term":[{"taxonomy":"yst_prominent_words","embeddable":true,"href":"https:\/\/kogeneracjagazowa.pl\/en\/wp-json\/wp\/v2\/yst_prominent_words?post=1159"}],"curies":[{"name":"wp","href":"https:\/\/api.w.org\/{rel}","templated":true}]}}