{"id":1142,"date":"2019-07-08T19:40:56","date_gmt":"2019-07-08T19:40:56","guid":{"rendered":"https:\/\/kogeneracjagazowa.pl\/?page_id=1142"},"modified":"2019-07-08T19:43:33","modified_gmt":"2019-07-08T19:43:33","slug":"kogeneracja-i-dotacje","status":"publish","type":"page","link":"https:\/\/kogeneracjagazowa.pl\/en\/kogeneracja-i-dotacje\/","title":{"rendered":"Kogeneracja i dotacje na ten rodzaj wytwarzania energii"},"content":{"rendered":"<p>[et_pb_section bb_built=&#8221;1&#8243; admin_label=&#8221;section&#8221;][et_pb_row admin_label=&#8221;row&#8221;][et_pb_column type=&#8221;4_4&#8243;][et_pb_text admin_label=&#8221;Tekst&#8221; background_layout=&#8221;light&#8221; text_orientation=&#8221;left&#8221; use_border_color=&#8221;off&#8221; border_color=&#8221;#ffffff&#8221; border_style=&#8221;solid&#8221;]<\/p>\n<div id=\"toc_container\" class=\"no_bullets\"><p class=\"toc_title\">Spis tre\u015bci<\/p><ul class=\"toc_list\"><li><a href=\"#Kogeneracja_i_dotacje_na_ten_rodzaj_wytwarzania_energii\">Kogeneracja i dotacje na ten rodzaj wytwarzania energii<\/a><ul><li><a href=\"#Kogeneracja_czym_jest\">Kogeneracja \u2014 czym jest?<\/a><\/li><li><a href=\"#Czym_sa_dotacje_na_kogeneracje\">Czym s\u0105 dotacje na kogeneracj\u0119?<\/a><\/li><li><a href=\"#Kogeneracja_dotacje_8211_Gdzie_szukacskad_mozemy_je_otrzymac\">Kogeneracja dotacje &#8211; Gdzie szuka\u0107\/sk\u0105d mo\u017cemy je otrzyma\u0107?<\/a><ul><li><a href=\"#Kogeneracja_dotacje_na_co_mozna_je_otrzymac\">Kogeneracja dotacje \u2014 na co mo\u017cna je otrzyma\u0107?<\/a><\/li><\/ul><\/li><\/ul><\/li><\/ul><\/div>\n<h1><span id=\"Kogeneracja_i_dotacje_na_ten_rodzaj_wytwarzania_energii\">Kogeneracja i dotacje na ten rodzaj wytwarzania energii<\/span><\/h1>\n<p>Kogeneracja dotacje i pozyskiwanie funduszy na projekty zwi\u0105zane z wytwarzaniem energii to coraz bardziej popularne tematy. Dzi\u0119ki nim wiele r\u00f3\u017cnego rodzaju przedsi\u0119biorstw, firm czy jednostek pa\u0144stwowych mo\u017ce uzyska\u0107 pomoc finansow\u0105 w realizacji inwestycji zwi\u0105zanych z wytwarzaniem ciep\u0142a i energii elektrycznej. Istnieje te\u017c wiele r\u00f3\u017cnego rodzaju dotacji dla r\u00f3\u017cnego rodzaju podmiot\u00f3w. Poni\u017cej prezentujemy odpowiedzi na pytania \u2014 czym jest kogeneracja, czym s\u0105 dotacje na kogeneracj\u0119, kto mo\u017ce z nich korzysta\u0107 i na co mog\u0105 by\u0107 przyznawane takie dotacje.<\/p>\n<h2><span id=\"Kogeneracja_czym_jest\">Kogeneracja \u2014 czym jest?<\/span><\/h2>\n<p>Kogeneracja to jednoczesne wytwarzanie ciep\u0142a u\u017cytkowego i energii elektrycznej, kt\u00f3re powstaj\u0105 w elektrociep\u0142owni. Jednoczesne wytwarzanie oby typ\u00f3w energii jest du\u017co bardziej ekologiczne ekonomiczne i wydajniejsze. Istnieje wiele typ\u00f3w kogeneracji, kt\u00f3re wykorzystuj\u0105 r\u00f3\u017cne paliwa, systemy czy uk\u0142ady wytwarzaj\u0105ce energi\u0119. G\u0142\u00f3wnym celem jest wydajne wykorzystanie procesu wytwarzania energii i wytworzenie jej taniej, efektywniej i bardziej ekologicznie.<\/p>\n<h2><span id=\"Czym_sa_dotacje_na_kogeneracje\">Czym s\u0105 dotacje na kogeneracj\u0119?<\/span><\/h2>\n<p>Jako \u017ce kogeneracja jest pozytywnym zjawiskiem wiele r\u00f3\u017cnego rodzaju \u015brodowisk np. Unia Europejska, Pa\u0144stwo czy prywatne przedsi\u0119biorstwa oferuj\u0105 r\u00f3\u017cnego rodzaju dotacje na stworzenie takich system\u00f3w, czy ich modernizacje. Dotacje takie mo\u017cemy pozyskiwa\u0107 przewa\u017cnie jako jednostki samorz\u0105du terytorialnego, przedsi\u0119biorstwa energetyczne, wsp\u00f3lnoty mieszkaniowe czy zwyk\u0142e przedsi\u0119biorstwa.<br \/>\nW zale\u017cno\u015bci od tego, kto jest fundatorem dotacji, r\u00f3\u017cna mo\u017ce by\u0107 jej wysoko\u015b\u0107, wymogi, beneficjenci czy forma. Wa\u017cnym elementem jest te\u017c wysoko\u015b\u0107 dotacji. Te mog\u0105 r\u00f3\u017cni\u0107 si\u0119 w zale\u017cno\u015bci od danych projekt\u00f3w.<\/p>\n<h2><span id=\"Kogeneracja_dotacje_8211_Gdzie_szukacskad_mozemy_je_otrzymac\">Kogeneracja dotacje &#8211; Gdzie szuka\u0107\/sk\u0105d mo\u017cemy je otrzyma\u0107?<\/span><\/h2>\n<p>Dotacj\u0119 na kogeneracje mo\u017cemy pozyskiwa\u0107 z r\u00f3\u017cnych \u017ar\u00f3de\u0142. Z ramienia pa\u0144stwa b\u0119dzie to np. Narodowy Fundusz Ochrony \u015arodowiska i Gospodarki Wodnej, kt\u00f3ry oferuje dotacje w programie operacyjnym Infrastruktury i \u015arodowiska 2014-2020. \u015arodki pochodz\u0105ce z tego projektu pochodz\u0105 r\u00f3wnie\u017c z Unii Europejskiej z Funduszu Sp\u00f3jno\u015bci.<\/p>\n<p>Dotacje na kogeneracj\u0119 mo\u017cemy te\u017c otrzyma\u0107 z ramienia nieco mniejszych program\u00f3w czy bud\u017cet\u00f3w np. lokalnych lub wojew\u00f3dzkich, kt\u00f3re b\u0119d\u0105 przys\u0142ugiwa\u0142y podmiotom z konkretnego terenu. Nieco zaskakuj\u0105cym kierunkiem mog\u0105 by\u0107 r\u00f3wnie\u017c banki, kt\u00f3re maj\u0105 profil biznesowy i udzielaj takiego wsparcia w r\u00f3\u017cnych formach.<\/p>\n<h3><span id=\"Kogeneracja_dotacje_na_co_mozna_je_otrzymac\">Kogeneracja dotacje \u2014 na co mo\u017cna je otrzyma\u0107?<\/span><\/h3>\n<p>Dotacje takiego typu mo\u017cemy otrzyma\u0107 te\u017c na r\u00f3\u017cnego rodzaju przedsi\u0119wzi\u0119cia. Cho\u0107 szczeg\u00f3\u0142owe cele mog\u0105 r\u00f3\u017cnic si\u0119 od danej dotacji, przewa\u017cnie przys\u0142uguj\u0105 one na budow\u0119 systemu kogeneracyjnego, modernizacje systemu, obni\u017cenie zapotrzebowanie na energi\u0119, przy\u0142\u0105czenie do istniej\u0105cej ju\u017c instalacji czy budow\u0119 nowoczesnych instalacji.<\/p>\n<p>[\/et_pb_text][\/et_pb_column][\/et_pb_row][\/et_pb_section]<\/p>","protected":false},"excerpt":{"rendered":"<p>Kogeneracja i dotacje na ten rodzaj wytwarzania energii Kogeneracja dotacje i pozyskiwanie funduszy na projekty zwi\u0105zane z wytwarzaniem energii to coraz bardziej popularne tematy. Dzi\u0119ki nim wiele r\u00f3\u017cnego rodzaju przedsi\u0119biorstw, firm czy jednostek pa\u0144stwowych mo\u017ce uzyska\u0107 pomoc finansow\u0105 w realizacji inwestycji zwi\u0105zanych z wytwarzaniem ciep\u0142a i energii elektrycznej. Istnieje te\u017c wiele r\u00f3\u017cnego rodzaju dotacji dla [&hellip;]<\/p>","protected":false},"author":1,"featured_media":0,"parent":0,"menu_order":0,"comment_status":"closed","ping_status":"closed","template":"","meta":{"_et_pb_use_builder":"on","_et_pb_old_content":"","_et_gb_content_width":""},"yst_prominent_words":[152,143,148,26,21,20,153,154,146,71,145,150,149,121,40,147,144,105,101,151],"_links":{"self":[{"href":"https:\/\/kogeneracjagazowa.pl\/en\/wp-json\/wp\/v2\/pages\/1142"}],"collection":[{"href":"https:\/\/kogeneracjagazowa.pl\/en\/wp-json\/wp\/v2\/pages"}],"about":[{"href":"https:\/\/kogeneracjagazowa.pl\/en\/wp-json\/wp\/v2\/types\/page"}],"author":[{"embeddable":true,"href":"https:\/\/kogeneracjagazowa.pl\/en\/wp-json\/wp\/v2\/users\/1"}],"replies":[{"embeddable":true,"href":"https:\/\/kogeneracjagazowa.pl\/en\/wp-json\/wp\/v2\/comments?post=1142"}],"version-history":[{"count":3,"href":"https:\/\/kogeneracjagazowa.pl\/en\/wp-json\/wp\/v2\/pages\/1142\/revisions"}],"predecessor-version":[{"id":1144,"href":"https:\/\/kogeneracjagazowa.pl\/en\/wp-json\/wp\/v2\/pages\/1142\/revisions\/1144"}],"wp:attachment":[{"href":"https:\/\/kogeneracjagazowa.pl\/en\/wp-json\/wp\/v2\/media?parent=1142"}],"wp:term":[{"taxonomy":"yst_prominent_words","embeddable":true,"href":"https:\/\/kogeneracjagazowa.pl\/en\/wp-json\/wp\/v2\/yst_prominent_words?post=1142"}],"curies":[{"name":"wp","href":"https:\/\/api.w.org\/{rel}","templated":true}]}}